{"id":8929,"date":"2019-06-18T09:46:43","date_gmt":"2019-06-18T13:46:43","guid":{"rendered":"https:\/\/eduenligne.com\/product\/gerer-les-emotions-au-sein-de-son-equipe-1\/"},"modified":"2019-07-17T14:56:14","modified_gmt":"2019-07-17T18:56:14","slug":"gerer-les-emotions-au-sein-de-son-equipe-1","status":"publish","type":"product","link":"https:\/\/eduenligne.com\/en\/product\/gerer-les-emotions-au-sein-de-son-equipe-1\/","title":{"rendered":"G\u00e9rer les \u00e9motions au sein de son \u00e9quipe &#8211; 1"},"content":{"rendered":"<p>By the end of this module, you will understand the emotional dimension of the manager\u2019s role and will be able to deal with your coworkers\u2019 emotions. You will be able to handle individual emotions in the heat of the moment and identify the right support provision based on the nature of the emotional reaction.<\/p>\n","protected":false},"excerpt":{"rendered":"<p>You will learn :<\/p>\n<ul>\n<li>Identifying the signs of emotion in your coworkers.<\/li>\n<li>Practicing empathic listening.<\/li>\n<\/ul>\n<p>For : All managers<\/p>\n<p>Prerequisites :<\/p>\n<ul>\n<li>After completing the following module: The emotional skills of the manager<\/li>\n<li>To complete this program, you will need to work through part B.<\/li>\n<\/ul>\n","protected":false},"featured_media":8640,"comment_status":"open","ping_status":"closed","template":"","meta":[],"product_brand":[],"product_cat":[77],"product_tag":[1917,2216,2218,2296,2297,2298,2299,1709],"class_list":{"0":"post-8929","1":"product","2":"type-product","3":"status-publish","4":"has-post-thumbnail","6":"product_cat-business","7":"product_tag-emotion-en-2","8":"product_tag-formation-en","9":"product_tag-e-learning-en","10":"product_tag-formation-en-ligne-en","11":"product_tag-cours-en-ligne-en","12":"product_tag-formation-a-distance-en","13":"product_tag-e-formation-en","14":"product_tag-gestion-dequipe-en","15":"pa_access-to-training-12-months","16":"pa_duration-15-min-en","17":"pa_language-chinese-en","18":"pa_language-french-2-en","19":"pa_language-german-en","20":"pa_language-italian-2-en","21":"pa_language-portuguese-en","22":"pa_language-spanish-en","23":"pa_language-english-2-en","25":"first","26":"instock","27":"sale","28":"virtual","29":"taxable","30":"purchasable","31":"product-type-simple"},"yoast_head":"<!-- This site is optimized with the Yoast SEO plugin v27.2 - https:\/\/yoast.com\/product\/yoast-seo-wordpress\/ -->\n<title>G\u00e9rer les \u00e9motions au sein de son \u00e9quipe - 1 - Edu Boutique<\/title>\n<meta name=\"robots\" content=\"index, follow, max-snippet:-1, max-image-preview:large, max-video-preview:-1\" \/>\n<link rel=\"canonical\" href=\"https:\/\/eduenligne.com\/en\/product\/gerer-les-emotions-au-sein-de-son-equipe-1\/\" \/>\n<meta property=\"og:locale\" content=\"en_US\" \/>\n<meta property=\"og:type\" content=\"article\" \/>\n<meta property=\"og:title\" content=\"G\u00e9rer les \u00e9motions au sein de son \u00e9quipe - 1 - Edu Boutique\" \/>\n<meta property=\"og:description\" content=\"You will learn :   Identifying the signs of emotion in your coworkers.  Practicing empathic listening.  For : All managers  Prerequisites :   After completing the following module: The emotional skills of the manager  To complete this program, you will need to work through part B.\" \/>\n<meta property=\"og:url\" content=\"https:\/\/eduenligne.com\/en\/product\/gerer-les-emotions-au-sein-de-son-equipe-1\/\" \/>\n<meta property=\"og:site_name\" content=\"Edu Boutique\" \/>\n<meta property=\"article:publisher\" content=\"https:\/\/www.facebook.com\/edu.performance\/\" \/>\n<meta property=\"article:modified_time\" content=\"2019-07-17T18:56:14+00:00\" \/>\n<meta property=\"og:image\" content=\"https:\/\/eduenligne.com\/wp-content\/uploads\/2019\/06\/28218465_s.jpg\" \/>\n\t<meta property=\"og:image:width\" content=\"848\" \/>\n\t<meta property=\"og:image:height\" content=\"565\" \/>\n\t<meta property=\"og:image:type\" content=\"image\/jpeg\" \/>\n<meta name=\"twitter:card\" content=\"summary_large_image\" \/>\n<meta name=\"twitter:site\" content=\"@EduPerformance\" \/>\n<script type=\"application\/ld+json\" class=\"yoast-schema-graph\">{\"@context\":\"https:\/\/schema.org\",\"@graph\":[{\"@type\":\"WebPage\",\"@id\":\"https:\/\/eduenligne.com\/en\/product\/gerer-les-emotions-au-sein-de-son-equipe-1\/\",\"url\":\"https:\/\/eduenligne.com\/en\/product\/gerer-les-emotions-au-sein-de-son-equipe-1\/\",\"name\":\"G\u00e9rer les \u00e9motions au sein de son \u00e9quipe - 1 - Edu Boutique\",\"isPartOf\":{\"@id\":\"https:\/\/eduenligne.com\/#website\"},\"primaryImageOfPage\":{\"@id\":\"https:\/\/eduenligne.com\/en\/product\/gerer-les-emotions-au-sein-de-son-equipe-1\/#primaryimage\"},\"image\":{\"@id\":\"https:\/\/eduenligne.com\/en\/product\/gerer-les-emotions-au-sein-de-son-equipe-1\/#primaryimage\"},\"thumbnailUrl\":\"https:\/\/eduenligne.com\/wp-content\/uploads\/2019\/06\/28218465_s.jpg\",\"datePublished\":\"2019-06-18T13:46:43+00:00\",\"dateModified\":\"2019-07-17T18:56:14+00:00\",\"breadcrumb\":{\"@id\":\"https:\/\/eduenligne.com\/en\/product\/gerer-les-emotions-au-sein-de-son-equipe-1\/#breadcrumb\"},\"inLanguage\":\"en-US\",\"potentialAction\":[{\"@type\":\"ReadAction\",\"target\":[\"https:\/\/eduenligne.com\/en\/product\/gerer-les-emotions-au-sein-de-son-equipe-1\/\"]}]},{\"@type\":\"ImageObject\",\"inLanguage\":\"en-US\",\"@id\":\"https:\/\/eduenligne.com\/en\/product\/gerer-les-emotions-au-sein-de-son-equipe-1\/#primaryimage\",\"url\":\"https:\/\/eduenligne.com\/wp-content\/uploads\/2019\/06\/28218465_s.jpg\",\"contentUrl\":\"https:\/\/eduenligne.com\/wp-content\/uploads\/2019\/06\/28218465_s.jpg\",\"width\":848,\"height\":565,\"caption\":\"28218465 - disguised\"},{\"@type\":\"BreadcrumbList\",\"@id\":\"https:\/\/eduenligne.com\/en\/product\/gerer-les-emotions-au-sein-de-son-equipe-1\/#breadcrumb\",\"itemListElement\":[{\"@type\":\"ListItem\",\"position\":1,\"name\":\"Accueil\",\"item\":\"https:\/\/eduenligne.com\/en\/\"},{\"@type\":\"ListItem\",\"position\":2,\"name\":\"Shop\",\"item\":\"https:\/\/eduenligne.com\/en\/\"},{\"@type\":\"ListItem\",\"position\":3,\"name\":\"G\u00e9rer les \u00e9motions au sein de son \u00e9quipe &#8211; 1\"}]},{\"@type\":\"WebSite\",\"@id\":\"https:\/\/eduenligne.com\/#website\",\"url\":\"https:\/\/eduenligne.com\/\",\"name\":\"EduBoutique\",\"description\":\"Edu-Performance store\",\"publisher\":{\"@id\":\"https:\/\/eduenligne.com\/#organization\"},\"potentialAction\":[{\"@type\":\"SearchAction\",\"target\":{\"@type\":\"EntryPoint\",\"urlTemplate\":\"https:\/\/eduenligne.com\/?s={search_term_string}\"},\"query-input\":{\"@type\":\"PropertyValueSpecification\",\"valueRequired\":true,\"valueName\":\"search_term_string\"}}],\"inLanguage\":\"en-US\"},{\"@type\":\"Organization\",\"@id\":\"https:\/\/eduenligne.com\/#organization\",\"name\":\"Edu-Boutique\",\"url\":\"https:\/\/eduenligne.com\/\",\"logo\":{\"@type\":\"ImageObject\",\"inLanguage\":\"en-US\",\"@id\":\"https:\/\/eduenligne.com\/#\/schema\/logo\/image\/\",\"url\":\"https:\/\/eduenligne.com\/wp-content\/uploads\/2019\/03\/Logo-Edu-boutique.png\",\"contentUrl\":\"https:\/\/eduenligne.com\/wp-content\/uploads\/2019\/03\/Logo-Edu-boutique.png\",\"width\":512,\"height\":181,\"caption\":\"Edu-Boutique\"},\"image\":{\"@id\":\"https:\/\/eduenligne.com\/#\/schema\/logo\/image\/\"},\"sameAs\":[\"https:\/\/www.facebook.com\/edu.performance\/\",\"https:\/\/x.com\/EduPerformance\",\"https:\/\/www.linkedin.com\/company\/1632801\",\"https:\/\/www.youtube.com\/channel\/UCU0b_VVdOoSbJ9_kvgiQpMg\"]}]}<\/script>\n<!-- \/ Yoast SEO plugin. -->","yoast_head_json":{"title":"G\u00e9rer les \u00e9motions au sein de son \u00e9quipe - 1 - Edu Boutique","robots":{"index":"index","follow":"follow","max-snippet":"max-snippet:-1","max-image-preview":"max-image-preview:large","max-video-preview":"max-video-preview:-1"},"canonical":"https:\/\/eduenligne.com\/en\/product\/gerer-les-emotions-au-sein-de-son-equipe-1\/","og_locale":"en_US","og_type":"article","og_title":"G\u00e9rer les \u00e9motions au sein de son \u00e9quipe - 1 - Edu Boutique","og_description":"You will learn :   Identifying the signs of emotion in your coworkers.  Practicing empathic listening.  For : All managers  Prerequisites :   After completing the following module: The emotional skills of the manager  To complete this program, you will need to work through part B.","og_url":"https:\/\/eduenligne.com\/en\/product\/gerer-les-emotions-au-sein-de-son-equipe-1\/","og_site_name":"Edu Boutique","article_publisher":"https:\/\/www.facebook.com\/edu.performance\/","article_modified_time":"2019-07-17T18:56:14+00:00","og_image":[{"width":848,"height":565,"url":"https:\/\/eduenligne.com\/wp-content\/uploads\/2019\/06\/28218465_s.jpg","type":"image\/jpeg"}],"twitter_card":"summary_large_image","twitter_site":"@EduPerformance","schema":{"@context":"https:\/\/schema.org","@graph":[{"@type":"WebPage","@id":"https:\/\/eduenligne.com\/en\/product\/gerer-les-emotions-au-sein-de-son-equipe-1\/","url":"https:\/\/eduenligne.com\/en\/product\/gerer-les-emotions-au-sein-de-son-equipe-1\/","name":"G\u00e9rer les \u00e9motions au sein de son \u00e9quipe - 1 - Edu Boutique","isPartOf":{"@id":"https:\/\/eduenligne.com\/#website"},"primaryImageOfPage":{"@id":"https:\/\/eduenligne.com\/en\/product\/gerer-les-emotions-au-sein-de-son-equipe-1\/#primaryimage"},"image":{"@id":"https:\/\/eduenligne.com\/en\/product\/gerer-les-emotions-au-sein-de-son-equipe-1\/#primaryimage"},"thumbnailUrl":"https:\/\/eduenligne.com\/wp-content\/uploads\/2019\/06\/28218465_s.jpg","datePublished":"2019-06-18T13:46:43+00:00","dateModified":"2019-07-17T18:56:14+00:00","breadcrumb":{"@id":"https:\/\/eduenligne.com\/en\/product\/gerer-les-emotions-au-sein-de-son-equipe-1\/#breadcrumb"},"inLanguage":"en-US","potentialAction":[{"@type":"ReadAction","target":["https:\/\/eduenligne.com\/en\/product\/gerer-les-emotions-au-sein-de-son-equipe-1\/"]}]},{"@type":"ImageObject","inLanguage":"en-US","@id":"https:\/\/eduenligne.com\/en\/product\/gerer-les-emotions-au-sein-de-son-equipe-1\/#primaryimage","url":"https:\/\/eduenligne.com\/wp-content\/uploads\/2019\/06\/28218465_s.jpg","contentUrl":"https:\/\/eduenligne.com\/wp-content\/uploads\/2019\/06\/28218465_s.jpg","width":848,"height":565,"caption":"28218465 - disguised"},{"@type":"BreadcrumbList","@id":"https:\/\/eduenligne.com\/en\/product\/gerer-les-emotions-au-sein-de-son-equipe-1\/#breadcrumb","itemListElement":[{"@type":"ListItem","position":1,"name":"Accueil","item":"https:\/\/eduenligne.com\/en\/"},{"@type":"ListItem","position":2,"name":"Shop","item":"https:\/\/eduenligne.com\/en\/"},{"@type":"ListItem","position":3,"name":"G\u00e9rer les \u00e9motions au sein de son \u00e9quipe &#8211; 1"}]},{"@type":"WebSite","@id":"https:\/\/eduenligne.com\/#website","url":"https:\/\/eduenligne.com\/","name":"EduBoutique","description":"Edu-Performance store","publisher":{"@id":"https:\/\/eduenligne.com\/#organization"},"potentialAction":[{"@type":"SearchAction","target":{"@type":"EntryPoint","urlTemplate":"https:\/\/eduenligne.com\/?s={search_term_string}"},"query-input":{"@type":"PropertyValueSpecification","valueRequired":true,"valueName":"search_term_string"}}],"inLanguage":"en-US"},{"@type":"Organization","@id":"https:\/\/eduenligne.com\/#organization","name":"Edu-Boutique","url":"https:\/\/eduenligne.com\/","logo":{"@type":"ImageObject","inLanguage":"en-US","@id":"https:\/\/eduenligne.com\/#\/schema\/logo\/image\/","url":"https:\/\/eduenligne.com\/wp-content\/uploads\/2019\/03\/Logo-Edu-boutique.png","contentUrl":"https:\/\/eduenligne.com\/wp-content\/uploads\/2019\/03\/Logo-Edu-boutique.png","width":512,"height":181,"caption":"Edu-Boutique"},"image":{"@id":"https:\/\/eduenligne.com\/#\/schema\/logo\/image\/"},"sameAs":["https:\/\/www.facebook.com\/edu.performance\/","https:\/\/x.com\/EduPerformance","https:\/\/www.linkedin.com\/company\/1632801","https:\/\/www.youtube.com\/channel\/UCU0b_VVdOoSbJ9_kvgiQpMg"]}]}},"_links":{"self":[{"href":"https:\/\/eduenligne.com\/en\/wp-json\/wp\/v2\/product\/8929","targetHints":{"allow":["GET"]}}],"collection":[{"href":"https:\/\/eduenligne.com\/en\/wp-json\/wp\/v2\/product"}],"about":[{"href":"https:\/\/eduenligne.com\/en\/wp-json\/wp\/v2\/types\/product"}],"replies":[{"embeddable":true,"href":"https:\/\/eduenligne.com\/en\/wp-json\/wp\/v2\/comments?post=8929"}],"wp:featuredmedia":[{"embeddable":true,"href":"https:\/\/eduenligne.com\/en\/wp-json\/wp\/v2\/media\/8640"}],"wp:attachment":[{"href":"https:\/\/eduenligne.com\/en\/wp-json\/wp\/v2\/media?parent=8929"}],"wp:term":[{"taxonomy":"product_brand","embeddable":true,"href":"https:\/\/eduenligne.com\/en\/wp-json\/wp\/v2\/product_brand?post=8929"},{"taxonomy":"product_cat","embeddable":true,"href":"https:\/\/eduenligne.com\/en\/wp-json\/wp\/v2\/product_cat?post=8929"},{"taxonomy":"product_tag","embeddable":true,"href":"https:\/\/eduenligne.com\/en\/wp-json\/wp\/v2\/product_tag?post=8929"}],"curies":[{"name":"wp","href":"https:\/\/api.w.org\/{rel}","templated":true}]}}