{"id":8919,"date":"2019-07-11T14:09:26","date_gmt":"2019-07-11T18:09:26","guid":{"rendered":"https:\/\/eduenligne.com\/product\/la-conduite-de-reunion-dequipe\/"},"modified":"2023-11-16T12:03:26","modified_gmt":"2023-11-16T17:03:26","slug":"la-conduite-de-reunion-dequipe","status":"publish","type":"product","link":"https:\/\/eduenligne.com\/en\/product\/la-conduite-de-reunion-dequipe\/","title":{"rendered":"La conduite de r\u00e9union d&#8217;\u00e9quipe"},"content":{"rendered":"<p>Gr\u00e2ce \u00e0 ce cours, vous apprendrez :<\/p>\n<ul>\n<li>\u00c0 initier efficacement une r\u00e9union,<\/li>\n<li>\u00c0 g\u00e9rer de mani\u00e8re proactive le groupe et les individus,<\/li>\n<li>\u00c0 conclure de mani\u00e8re impactante.<\/li>\n<\/ul>\n<p>\u00c0 la fin de ce module, vous serez capable de mobiliser votre \u00e9quipe avec une introduction structur\u00e9e, de g\u00e9rer les r\u00e9actions n\u00e9gatives de mani\u00e8re constructive, et de conclure en \u00e9tablissant un plan d&#8217;action clair.<\/p>\n<p>&nbsp;<\/p>\n","protected":false},"excerpt":{"rendered":"<p>Ces modules de formation en ligne vous apporteront tout ce dont vous avez besoin pour l\u2019apprentissage et la ma\u00eetrise des notions abord\u00e9es (voir la description du contenu \u00e0 gauche de cette page). Ces cours e-learning comprennent des le\u00e7ons interactives sous forme de s\u00e9quences vid\u00e9o ou de contenu \u00e9crit, une s\u00e9rie d\u2019exercices pratiques ou des quiz reprenant les diff\u00e9rents concepts abord\u00e9s dans la premi\u00e8re partie afin de v\u00e9rifier vos connaissances. Une synth\u00e8se r\u00e9capitulative rappelle les \u00e9l\u00e9ments essentiels de la formation.<span class=\"Apple-converted-space\">\u00a0<\/span><\/p>\n<p>Si vous \u00eates amen\u00e9(e) \u00e0 conduire une r\u00e9union, ce module est fait pour vous !<\/p>\n","protected":false},"featured_media":8809,"comment_status":"open","ping_status":"closed","template":"","meta":[],"product_brand":[],"product_cat":[77,2522],"product_tag":[2218,2295,2296,2297,2298,2299,1702,1703,1709],"class_list":{"0":"post-8919","1":"product","2":"type-product","3":"status-publish","4":"has-post-thumbnail","6":"product_cat-business","7":"product_cat-reunion-2-en","8":"product_tag-e-learning-en","9":"product_tag-cohesion-equipe-en","10":"product_tag-formation-en-ligne-en","11":"product_tag-cours-en-ligne-en","12":"product_tag-formation-a-distance-en","13":"product_tag-e-formation-en","14":"product_tag-reunion-dequipe-en","15":"product_tag-conduire-une-reunion-en","16":"product_tag-gestion-dequipe-en","17":"pa_access-to-training-12-months","18":"pa_duration-10-minutes-en","19":"pa_language-french-2-en","21":"first","22":"instock","23":"sale","24":"virtual","25":"taxable","26":"purchasable","27":"product-type-simple"},"yoast_head":"<!-- This site is optimized with the Yoast SEO plugin v27.2 - https:\/\/yoast.com\/product\/yoast-seo-wordpress\/ -->\n<title>La conduite de r\u00e9union d&#039;\u00e9quipe - Edu Boutique<\/title>\n<meta name=\"robots\" content=\"index, follow, max-snippet:-1, max-image-preview:large, max-video-preview:-1\" \/>\n<link rel=\"canonical\" href=\"https:\/\/eduenligne.com\/en\/product\/la-conduite-de-reunion-dequipe\/\" \/>\n<meta property=\"og:locale\" content=\"en_US\" \/>\n<meta property=\"og:type\" content=\"article\" \/>\n<meta property=\"og:title\" content=\"La conduite de r\u00e9union d&#039;\u00e9quipe - Edu Boutique\" \/>\n<meta property=\"og:description\" content=\"Ces modules de formation en ligne vous apporteront tout ce dont vous avez besoin pour l\u2019apprentissage et la ma\u00eetrise des notions abord\u00e9es (voir la description du contenu \u00e0 gauche de cette page). Ces cours e-learning comprennent des le\u00e7ons interactives sous forme de s\u00e9quences vid\u00e9o ou de contenu \u00e9crit, une s\u00e9rie d\u2019exercices pratiques ou des quiz reprenant les diff\u00e9rents concepts abord\u00e9s dans la premi\u00e8re partie afin de v\u00e9rifier vos connaissances. Une synth\u00e8se r\u00e9capitulative rappelle les \u00e9l\u00e9ments essentiels de la formation.\u00a0  Si vous \u00eates amen\u00e9(e) \u00e0 conduire une r\u00e9union, ce module est fait pour vous !\" \/>\n<meta property=\"og:url\" content=\"https:\/\/eduenligne.com\/en\/product\/la-conduite-de-reunion-dequipe\/\" \/>\n<meta property=\"og:site_name\" content=\"Edu Boutique\" \/>\n<meta property=\"article:publisher\" content=\"https:\/\/www.facebook.com\/edu.performance\/\" \/>\n<meta property=\"article:modified_time\" content=\"2023-11-16T17:03:26+00:00\" \/>\n<meta property=\"og:image\" content=\"https:\/\/eduenligne.com\/wp-content\/uploads\/2019\/07\/42307403_s.jpg\" \/>\n\t<meta property=\"og:image:width\" content=\"848\" \/>\n\t<meta property=\"og:image:height\" content=\"565\" \/>\n\t<meta property=\"og:image:type\" content=\"image\/jpeg\" \/>\n<meta name=\"twitter:card\" content=\"summary_large_image\" \/>\n<meta name=\"twitter:site\" content=\"@EduPerformance\" \/>\n<script type=\"application\/ld+json\" class=\"yoast-schema-graph\">{\"@context\":\"https:\/\/schema.org\",\"@graph\":[{\"@type\":\"WebPage\",\"@id\":\"https:\/\/eduenligne.com\/en\/product\/la-conduite-de-reunion-dequipe\/\",\"url\":\"https:\/\/eduenligne.com\/en\/product\/la-conduite-de-reunion-dequipe\/\",\"name\":\"La conduite de r\u00e9union d'\u00e9quipe - Edu Boutique\",\"isPartOf\":{\"@id\":\"https:\/\/eduenligne.com\/#website\"},\"primaryImageOfPage\":{\"@id\":\"https:\/\/eduenligne.com\/en\/product\/la-conduite-de-reunion-dequipe\/#primaryimage\"},\"image\":{\"@id\":\"https:\/\/eduenligne.com\/en\/product\/la-conduite-de-reunion-dequipe\/#primaryimage\"},\"thumbnailUrl\":\"https:\/\/eduenligne.com\/wp-content\/uploads\/2019\/07\/42307403_s.jpg\",\"datePublished\":\"2019-07-11T18:09:26+00:00\",\"dateModified\":\"2023-11-16T17:03:26+00:00\",\"breadcrumb\":{\"@id\":\"https:\/\/eduenligne.com\/en\/product\/la-conduite-de-reunion-dequipe\/#breadcrumb\"},\"inLanguage\":\"en-US\",\"potentialAction\":[{\"@type\":\"ReadAction\",\"target\":[\"https:\/\/eduenligne.com\/en\/product\/la-conduite-de-reunion-dequipe\/\"]}]},{\"@type\":\"ImageObject\",\"inLanguage\":\"en-US\",\"@id\":\"https:\/\/eduenligne.com\/en\/product\/la-conduite-de-reunion-dequipe\/#primaryimage\",\"url\":\"https:\/\/eduenligne.com\/wp-content\/uploads\/2019\/07\/42307403_s.jpg\",\"contentUrl\":\"https:\/\/eduenligne.com\/wp-content\/uploads\/2019\/07\/42307403_s.jpg\",\"width\":848,\"height\":565,\"caption\":\"42307403 - businessmen and businesswomen meeting to discuss ideas\"},{\"@type\":\"BreadcrumbList\",\"@id\":\"https:\/\/eduenligne.com\/en\/product\/la-conduite-de-reunion-dequipe\/#breadcrumb\",\"itemListElement\":[{\"@type\":\"ListItem\",\"position\":1,\"name\":\"Accueil\",\"item\":\"https:\/\/eduenligne.com\/en\/\"},{\"@type\":\"ListItem\",\"position\":2,\"name\":\"Shop\",\"item\":\"https:\/\/eduenligne.com\/en\/\"},{\"@type\":\"ListItem\",\"position\":3,\"name\":\"La conduite de r\u00e9union d&#8217;\u00e9quipe\"}]},{\"@type\":\"WebSite\",\"@id\":\"https:\/\/eduenligne.com\/#website\",\"url\":\"https:\/\/eduenligne.com\/\",\"name\":\"EduBoutique\",\"description\":\"Edu-Performance store\",\"publisher\":{\"@id\":\"https:\/\/eduenligne.com\/#organization\"},\"potentialAction\":[{\"@type\":\"SearchAction\",\"target\":{\"@type\":\"EntryPoint\",\"urlTemplate\":\"https:\/\/eduenligne.com\/?s={search_term_string}\"},\"query-input\":{\"@type\":\"PropertyValueSpecification\",\"valueRequired\":true,\"valueName\":\"search_term_string\"}}],\"inLanguage\":\"en-US\"},{\"@type\":\"Organization\",\"@id\":\"https:\/\/eduenligne.com\/#organization\",\"name\":\"Edu-Boutique\",\"url\":\"https:\/\/eduenligne.com\/\",\"logo\":{\"@type\":\"ImageObject\",\"inLanguage\":\"en-US\",\"@id\":\"https:\/\/eduenligne.com\/#\/schema\/logo\/image\/\",\"url\":\"https:\/\/eduenligne.com\/wp-content\/uploads\/2019\/03\/Logo-Edu-boutique.png\",\"contentUrl\":\"https:\/\/eduenligne.com\/wp-content\/uploads\/2019\/03\/Logo-Edu-boutique.png\",\"width\":512,\"height\":181,\"caption\":\"Edu-Boutique\"},\"image\":{\"@id\":\"https:\/\/eduenligne.com\/#\/schema\/logo\/image\/\"},\"sameAs\":[\"https:\/\/www.facebook.com\/edu.performance\/\",\"https:\/\/x.com\/EduPerformance\",\"https:\/\/www.linkedin.com\/company\/1632801\",\"https:\/\/www.youtube.com\/channel\/UCU0b_VVdOoSbJ9_kvgiQpMg\"]}]}<\/script>\n<!-- \/ Yoast SEO plugin. -->","yoast_head_json":{"title":"La conduite de r\u00e9union d'\u00e9quipe - Edu Boutique","robots":{"index":"index","follow":"follow","max-snippet":"max-snippet:-1","max-image-preview":"max-image-preview:large","max-video-preview":"max-video-preview:-1"},"canonical":"https:\/\/eduenligne.com\/en\/product\/la-conduite-de-reunion-dequipe\/","og_locale":"en_US","og_type":"article","og_title":"La conduite de r\u00e9union d'\u00e9quipe - Edu Boutique","og_description":"Ces modules de formation en ligne vous apporteront tout ce dont vous avez besoin pour l\u2019apprentissage et la ma\u00eetrise des notions abord\u00e9es (voir la description du contenu \u00e0 gauche de cette page). Ces cours e-learning comprennent des le\u00e7ons interactives sous forme de s\u00e9quences vid\u00e9o ou de contenu \u00e9crit, une s\u00e9rie d\u2019exercices pratiques ou des quiz reprenant les diff\u00e9rents concepts abord\u00e9s dans la premi\u00e8re partie afin de v\u00e9rifier vos connaissances. Une synth\u00e8se r\u00e9capitulative rappelle les \u00e9l\u00e9ments essentiels de la formation.\u00a0  Si vous \u00eates amen\u00e9(e) \u00e0 conduire une r\u00e9union, ce module est fait pour vous !","og_url":"https:\/\/eduenligne.com\/en\/product\/la-conduite-de-reunion-dequipe\/","og_site_name":"Edu Boutique","article_publisher":"https:\/\/www.facebook.com\/edu.performance\/","article_modified_time":"2023-11-16T17:03:26+00:00","og_image":[{"width":848,"height":565,"url":"https:\/\/eduenligne.com\/wp-content\/uploads\/2019\/07\/42307403_s.jpg","type":"image\/jpeg"}],"twitter_card":"summary_large_image","twitter_site":"@EduPerformance","schema":{"@context":"https:\/\/schema.org","@graph":[{"@type":"WebPage","@id":"https:\/\/eduenligne.com\/en\/product\/la-conduite-de-reunion-dequipe\/","url":"https:\/\/eduenligne.com\/en\/product\/la-conduite-de-reunion-dequipe\/","name":"La conduite de r\u00e9union d'\u00e9quipe - Edu Boutique","isPartOf":{"@id":"https:\/\/eduenligne.com\/#website"},"primaryImageOfPage":{"@id":"https:\/\/eduenligne.com\/en\/product\/la-conduite-de-reunion-dequipe\/#primaryimage"},"image":{"@id":"https:\/\/eduenligne.com\/en\/product\/la-conduite-de-reunion-dequipe\/#primaryimage"},"thumbnailUrl":"https:\/\/eduenligne.com\/wp-content\/uploads\/2019\/07\/42307403_s.jpg","datePublished":"2019-07-11T18:09:26+00:00","dateModified":"2023-11-16T17:03:26+00:00","breadcrumb":{"@id":"https:\/\/eduenligne.com\/en\/product\/la-conduite-de-reunion-dequipe\/#breadcrumb"},"inLanguage":"en-US","potentialAction":[{"@type":"ReadAction","target":["https:\/\/eduenligne.com\/en\/product\/la-conduite-de-reunion-dequipe\/"]}]},{"@type":"ImageObject","inLanguage":"en-US","@id":"https:\/\/eduenligne.com\/en\/product\/la-conduite-de-reunion-dequipe\/#primaryimage","url":"https:\/\/eduenligne.com\/wp-content\/uploads\/2019\/07\/42307403_s.jpg","contentUrl":"https:\/\/eduenligne.com\/wp-content\/uploads\/2019\/07\/42307403_s.jpg","width":848,"height":565,"caption":"42307403 - businessmen and businesswomen meeting to discuss ideas"},{"@type":"BreadcrumbList","@id":"https:\/\/eduenligne.com\/en\/product\/la-conduite-de-reunion-dequipe\/#breadcrumb","itemListElement":[{"@type":"ListItem","position":1,"name":"Accueil","item":"https:\/\/eduenligne.com\/en\/"},{"@type":"ListItem","position":2,"name":"Shop","item":"https:\/\/eduenligne.com\/en\/"},{"@type":"ListItem","position":3,"name":"La conduite de r\u00e9union d&#8217;\u00e9quipe"}]},{"@type":"WebSite","@id":"https:\/\/eduenligne.com\/#website","url":"https:\/\/eduenligne.com\/","name":"EduBoutique","description":"Edu-Performance store","publisher":{"@id":"https:\/\/eduenligne.com\/#organization"},"potentialAction":[{"@type":"SearchAction","target":{"@type":"EntryPoint","urlTemplate":"https:\/\/eduenligne.com\/?s={search_term_string}"},"query-input":{"@type":"PropertyValueSpecification","valueRequired":true,"valueName":"search_term_string"}}],"inLanguage":"en-US"},{"@type":"Organization","@id":"https:\/\/eduenligne.com\/#organization","name":"Edu-Boutique","url":"https:\/\/eduenligne.com\/","logo":{"@type":"ImageObject","inLanguage":"en-US","@id":"https:\/\/eduenligne.com\/#\/schema\/logo\/image\/","url":"https:\/\/eduenligne.com\/wp-content\/uploads\/2019\/03\/Logo-Edu-boutique.png","contentUrl":"https:\/\/eduenligne.com\/wp-content\/uploads\/2019\/03\/Logo-Edu-boutique.png","width":512,"height":181,"caption":"Edu-Boutique"},"image":{"@id":"https:\/\/eduenligne.com\/#\/schema\/logo\/image\/"},"sameAs":["https:\/\/www.facebook.com\/edu.performance\/","https:\/\/x.com\/EduPerformance","https:\/\/www.linkedin.com\/company\/1632801","https:\/\/www.youtube.com\/channel\/UCU0b_VVdOoSbJ9_kvgiQpMg"]}]}},"_links":{"self":[{"href":"https:\/\/eduenligne.com\/en\/wp-json\/wp\/v2\/product\/8919","targetHints":{"allow":["GET"]}}],"collection":[{"href":"https:\/\/eduenligne.com\/en\/wp-json\/wp\/v2\/product"}],"about":[{"href":"https:\/\/eduenligne.com\/en\/wp-json\/wp\/v2\/types\/product"}],"replies":[{"embeddable":true,"href":"https:\/\/eduenligne.com\/en\/wp-json\/wp\/v2\/comments?post=8919"}],"wp:featuredmedia":[{"embeddable":true,"href":"https:\/\/eduenligne.com\/en\/wp-json\/wp\/v2\/media\/8809"}],"wp:attachment":[{"href":"https:\/\/eduenligne.com\/en\/wp-json\/wp\/v2\/media?parent=8919"}],"wp:term":[{"taxonomy":"product_brand","embeddable":true,"href":"https:\/\/eduenligne.com\/en\/wp-json\/wp\/v2\/product_brand?post=8919"},{"taxonomy":"product_cat","embeddable":true,"href":"https:\/\/eduenligne.com\/en\/wp-json\/wp\/v2\/product_cat?post=8919"},{"taxonomy":"product_tag","embeddable":true,"href":"https:\/\/eduenligne.com\/en\/wp-json\/wp\/v2\/product_tag?post=8919"}],"curies":[{"name":"wp","href":"https:\/\/api.w.org\/{rel}","templated":true}]}}